{"id":3766,"date":"2024-12-06T09:40:47","date_gmt":"2024-12-05T23:40:47","guid":{"rendered":"https:\/\/ggoods.com.au\/?post_type=product&#038;p=3766"},"modified":"2025-05-17T21:05:11","modified_gmt":"2025-05-17T11:05:11","slug":"lavort-de-chevre-2-25kg-aged-3-months","status":"publish","type":"product","link":"https:\/\/ggoods.com.au\/index.php\/product\/lavort-de-chevre-2-25kg-aged-3-months\/","title":{"rendered":"Lavort de Chevre 2.25kg Aged 3 Months"},"content":{"rendered":"<p>Lavort de Chevre 2.25kg Aged 3 Months from Soci\u00e9t\u00e9 Laiti\u00e8re De Vichy<\/p>\n<p>Wheels around 2kg<\/p>\n<p>Price per KG<\/p>\n<p>&nbsp;<\/p>\n","protected":false},"excerpt":{"rendered":"<p>Lavort de Chevre 2.25kg Aged 3 Months from Soci\u00e9t\u00e9 Laiti\u00e8re De Vichy Wheels around 2kg Price per&#8230;<\/p>\n","protected":false},"featured_media":3767,"comment_status":"open","ping_status":"closed","template":"","meta":[],"etheme_brands":[{"term_id":211,"name":"Societe Laitiere De Vichy","slug":"societe-laitiere-de-vichy","term_group":0,"term_taxonomy_id":211,"taxonomy":"brand","description":"","parent":0,"count":1,"filter":"raw"}],"product_brand":[],"product_cat":[167,15,62,171,118,169,59,170,58],"product_tag":[],"class_list":{"0":"post-3766","1":"product","2":"type-product","3":"status-publish","4":"has-post-thumbnail","6":"brand-societe-laitiere-de-vichy","7":"product_cat-cheese-type","8":"product_cat-cheeses","9":"product_cat-chevre","10":"product_cat-country","11":"product_cat-france","12":"product_cat-goat-milk-cheese","13":"product_cat-hard-cheese","14":"product_cat-milk-variety","15":"product_cat-semi-hard-cheese","17":"first","18":"instock","19":"shipping-taxable","20":"product-type-simple"},"jetpack_sharing_enabled":true,"_links":{"self":[{"href":"https:\/\/ggoods.com.au\/index.php\/wp-json\/wp\/v2\/product\/3766","targetHints":{"allow":["GET"]}}],"collection":[{"href":"https:\/\/ggoods.com.au\/index.php\/wp-json\/wp\/v2\/product"}],"about":[{"href":"https:\/\/ggoods.com.au\/index.php\/wp-json\/wp\/v2\/types\/product"}],"replies":[{"embeddable":true,"href":"https:\/\/ggoods.com.au\/index.php\/wp-json\/wp\/v2\/comments?post=3766"}],"version-history":[{"count":2,"href":"https:\/\/ggoods.com.au\/index.php\/wp-json\/wp\/v2\/product\/3766\/revisions"}],"predecessor-version":[{"id":3769,"href":"https:\/\/ggoods.com.au\/index.php\/wp-json\/wp\/v2\/product\/3766\/revisions\/3769"}],"wp:featuredmedia":[{"embeddable":true,"href":"https:\/\/ggoods.com.au\/index.php\/wp-json\/wp\/v2\/media\/3767"}],"wp:attachment":[{"href":"https:\/\/ggoods.com.au\/index.php\/wp-json\/wp\/v2\/media?parent=3766"}],"wp:term":[{"taxonomy":"brand","embeddable":true,"href":"https:\/\/ggoods.com.au\/index.php\/wp-json\/wp\/v2\/etheme_brands?post=3766"},{"taxonomy":"product_brand","embeddable":true,"href":"https:\/\/ggoods.com.au\/index.php\/wp-json\/wp\/v2\/product_brand?post=3766"},{"taxonomy":"product_cat","embeddable":true,"href":"https:\/\/ggoods.com.au\/index.php\/wp-json\/wp\/v2\/product_cat?post=3766"},{"taxonomy":"product_tag","embeddable":true,"href":"https:\/\/ggoods.com.au\/index.php\/wp-json\/wp\/v2\/product_tag?post=3766"}],"curies":[{"name":"wp","href":"https:\/\/api.w.org\/{rel}","templated":true}]}}